{"id":4,"date":"2018-05-18T10:14:52","date_gmt":"2018-05-18T07:14:52","guid":{"rendered":"http:\/\/virabeli.fi\/?page_id=4"},"modified":"2018-05-24T20:09:43","modified_gmt":"2018-05-24T17:09:43","slug":"tietosuojaseloste","status":"publish","type":"page","link":"https:\/\/virabeli.fi\/?page_id=4","title":{"rendered":"Tietosuojaseloste"},"content":{"rendered":"<h2>Keit\u00e4 olemme<\/h2>\n<p>Virabeli Oy (Y-tunnus 2915815-1) on Suomeen rekister\u00f6ity osakeyhti\u00f6. Verkkosivustomme osoite on: http:\/\/virabeli.fi. Tietoturva-asioissa tietoturvavastaavana toimii Pasi Pikkarainen, virabeli (\u00e4t) virabeli.fi.<\/p>\n<h2>Mit\u00e4 henkil\u00f6tietoa ker\u00e4\u00e4mme ja miksi<\/h2>\n<h3>Kommentit<\/h3>\n<p>Kun sivuston k\u00e4ytt\u00e4j\u00e4t j\u00e4tt\u00e4v\u00e4t kommentteja sivustolle, ker\u00e4\u00e4mme kommenttilomakkeessa olevat tiedot, sek\u00e4 k\u00e4ytt\u00e4j\u00e4n IP-osoitteen ja selaimen versiotiedot roskaviestien tunnistamisen helpottamiseksi.<\/p>\n<p>Kun vierailijat j\u00e4tt\u00e4v\u00e4t kommentin t\u00e4lle sivustolle ker\u00e4\u00e4mme tiedon, joka on n\u00e4kyviss\u00e4 kommentointikentiss\u00e4, IP-osoitteen sek\u00e4 selaimen versioon liittyv\u00e4t tiedot. S\u00e4hk\u00f6postiosoitteesta luotu anonymisoitu hajautustieto (hash) voidaan l\u00e4hett\u00e4\u00e4 Gravatar-palveluun, jotta tiedet\u00e4\u00e4n onko kommentoija palvelun k\u00e4ytt\u00e4j\u00e4. Gravatar-palvelun tietosuojaseloste l\u00f6ytyy osoitteesta https:\/\/automattic.com\/privacy\/.<\/p>\n<h3>Media<\/h3>\n<p>Mik\u00e4li lataat kuvia t\u00e4lle sivustolle, sinun tulee v\u00e4ltt\u00e4\u00e4 sellaisten kuvien lataamista, joissa on tallennettu paikkatieto (EXIF GPS). Sivuston vierailijat voivat ladata ja katsoa paikkatietoa kuvista, joita sivustolla on.<\/p>\n<h3>Yhteydenottolomakkeet<\/h3>\n<h3>Ev\u00e4steet<\/h3>\n<p>Jos j\u00e4t\u00e4t kommentin sivustolle, voit valita nimen, s\u00e4hk\u00f6postiosoitteen ja url-osoitteen tallennuksen ev\u00e4steeseen. T\u00e4m\u00e4 toiminto lis\u00e4\u00e4 k\u00e4ytt\u00f6mukavuutta, koska lomaketta ei tarvitse t\u00e4ytt\u00e4\u00e4 jokaisella kerralla uudelleen kommenttia lis\u00e4tess\u00e4. Ev\u00e4stetieto poistetaan selaimesta vuoden kuluttua.<\/p>\n<p>Mik\u00e4li sinulla on tili ja kirjaudut sivustolle asetamme v\u00e4liaikaisen ev\u00e4steen, joka p\u00e4\u00e4ttelee tukeeko selaimesi ev\u00e4steit\u00e4 vai ei. T\u00e4m\u00e4 ev\u00e4ste ei sis\u00e4ll\u00e4 henkil\u00f6tietoa ja se poistetaan kun selainikkuna suljetaan.<\/p>\n<p>Kun kirjaudut sis\u00e4\u00e4n asetamme useita ev\u00e4steit\u00e4, jotka tallentavat kirjautumis- sek\u00e4 n\u00e4ytt\u00f6asetuksesi. Kirjautumisev\u00e4steet poistetaan kahden vuorokauden kuluessa, n\u00e4ytt\u00f6asetuksiin liittyv\u00e4t ev\u00e4steet poistuvat vuoden p\u00e4\u00e4st\u00e4. Mik\u00e4li valitset \u201cMuista minut\u201d kirjautumisen yhteydess\u00e4, kirjautumistietojasi s\u00e4ilytet\u00e4\u00e4n kahden viikon ajan. Mik\u00e4li kirjaudut ulos, kirjautumiseen liittyv\u00e4t ev\u00e4steet poistetaan samassa yhteydess\u00e4.<\/p>\n<p>Mik\u00e4li julkaiset artikkelin tai muokkaat olemassa olevaa tallennamme selaimeen ev\u00e4steen, joka sis\u00e4lt\u00e4\u00e4 muokattavan artikkelin ID:n. Ev\u00e4ste vanhenee yhdess\u00e4 vuorokaudessa.<\/p>\n<h3>Muilta sivustoilta upotettu sis\u00e4lt\u00f6<\/h3>\n<p>T\u00e4m\u00e4n sivuston artikkelit voivat sis\u00e4lt\u00e4\u00e4 upotettua sis\u00e4lt\u00f6\u00e4 (esimerkiksi videoita, kuvia, artikkeleita jne.). Toisilta sivustoilta tuodun upotetun sis\u00e4ll\u00f6n avaaminen on verrattavissa siihen, ett\u00e4 vierailija itse k\u00e4visi kolmannen osapuolen sivustolla.<\/p>\n<p>N\u00e4m\u00e4 sivustot voivat ker\u00e4t\u00e4 tietoa sinusta, k\u00e4ytt\u00e4\u00e4 ev\u00e4steit\u00e4, upottaa kolmannen osapuolen seurantaev\u00e4steit\u00e4 ja monitoroida vuorovaikutustasi upotetun sis\u00e4ll\u00f6n kanssa, mukaan lukien vuorovaikutuksen seuranta jos ja kun olet kirjautunut k\u00e4ytt\u00e4j\u00e4n\u00e4 sivustolle.<\/p>\n<h3>Analytiikka<\/h3>\n<p>N\u00e4m\u00e4 sivustot voivat k\u00e4ytt\u00e4\u00e4 kolmannen osapuolen analytiikkapalveluita sivuston tehokkuuden ja vierailijam\u00e4\u00e4rien analysointiin. Analytiikkapalvelut voivat hy\u00f6dynt\u00e4\u00e4 vierailijoiden IP-osoitetta. Henkil\u00f6tietoja ei v\u00e4litet\u00e4 analytiikkapalveluihin.<\/p>\n<h2>Kenelle jaamme tietosi<\/h2>\n<p>Emme jaa tietojasi kolmansille osapuolille.<\/p>\n<h2>Kuinka kauan s\u00e4ilyt\u00e4mme tietoa<\/h2>\n<p>Mik\u00e4li j\u00e4t\u00e4t kommentin, kommenttia ja sen metatietoa s\u00e4ilytet\u00e4\u00e4n toistaiseksi. T\u00e4m\u00e4 tehd\u00e4\u00e4n siksi, ett\u00e4 voimme tunnistaa ja hyv\u00e4ksy\u00e4 seuraavat kommentit automaattisesti sen sijaan, ett\u00e4 s\u00e4ilytt\u00e4isimme ne moderointijonossa.<\/p>\n<p>Tallennamme rekister\u00f6ityneiden k\u00e4ytt\u00e4jien (jos sellaisia on) k\u00e4ytt\u00e4j\u00e4profiilien tiedot. Kaikilla k\u00e4ytt\u00e4jill\u00e4 on mahdollisuus n\u00e4hd\u00e4, muokata ja poistaa omia henkil\u00f6tietojaan milloin vain. Ainoastaan k\u00e4ytt\u00e4j\u00e4nime\u00e4 ei voi muuttaa. Verkkosivuston yll\u00e4pit\u00e4j\u00e4t voivat n\u00e4hd\u00e4 ja muokata k\u00e4ytt\u00e4j\u00e4profiilien tietoja.<\/p>\n<h2>Mit\u00e4 oikeuksia sinulla on omaan tietoosi<\/h2>\n<p>Mik\u00e4li sinulla on k\u00e4ytt\u00e4j\u00e4tili t\u00e4lle sivustolle tai olet j\u00e4tt\u00e4nyt kommentteja, voit pyyt\u00e4\u00e4 koostetiedostoa omista henkil\u00f6tiedoistasi, sis\u00e4lt\u00e4en kaiken henkil\u00f6tiedon, jonka olet meille antanut. Voit my\u00f6s pyyt\u00e4\u00e4 henkil\u00f6tietojesi poistoa. Oikeus omien tietojen poistoon ei koske sellaista henkil\u00f6tietoa, joka meid\u00e4n on s\u00e4ilytett\u00e4v\u00e4 yll\u00e4pidollisista, juridisista tai tietoturvaan liittyvist\u00e4 syist\u00e4.<\/p>\n<h2>Minne l\u00e4het\u00e4mme tietosi<\/h2>\n<p>Vierailijoiden kommentteja saatetaan tarkistaa automatisoidun roskapostiestopalvelun kautta.<\/p>\n<h2>Omat yhteystietosi<\/h2>\n<p>Jos j\u00e4t\u00e4t sivustolle yhteystietosi, n\u00e4it\u00e4 tietoja k\u00e4ytet\u00e4\u00e4n vain siihen tarkoitukseen, mit\u00e4 varten yhteystietosi j\u00e4t\u00e4t sivustolle. Emme v\u00e4lit\u00e4 yhteystietojasi kolmansille osapuolille.<\/p>\n<h2>Lis\u00e4tiedot<\/h2>\n<h3>Kuinka suojelemme henkil\u00f6tietojasi<\/h3>\n<p>Tilamme on suojattu lukoin ja avainten haltijoista pidet\u00e4\u00e4n kirjaa. Mahdollisen murron tapahtuessa meid\u00e4n toimitilojemme verkosta ei p\u00e4\u00e4se suoraan tuotantoj\u00e4rjestelmiin ilman vahvaa henkil\u00f6kohtaista tunnistautumista. Henkil\u00f6tietoja ei s\u00e4ilytet\u00e4 meid\u00e4n toimitiloissamme, ty\u00f6ntekij\u00f6iden koneilla eik\u00e4 meid\u00e4n itse yll\u00e4pit\u00e4mill\u00e4 toimistok\u00e4ytt\u00f6\u00f6n tarkoitetuilla palvelimilla.<\/p>\n<p>Kaikki palveluymp\u00e4rist\u00f6mme (tuotanto-, testi- ja kehitysymp\u00e4rist\u00f6t) ovat erillisiss\u00e4 tietoverkoissa ja p\u00e4\u00e4sy eri ymp\u00e4rist\u00f6jen ja tietoverkkojen v\u00e4lill\u00e4 on rajoitettu. Kaikki tietoverkot on suojattu palomuureilla ja ainoastaan ulkoiseen tiedonsiirtoon tarvittavat palvelimet ovat yhteydess\u00e4 internetiin. Tietoliikenne internetiin kytkettyjen palvelimien ja henkil\u00f6tietoja k\u00e4sittelev\u00e4n palvelualustan v\u00e4lill\u00e4 on rajoitettu k\u00e4ytett\u00e4v\u00e4ksi ainoastaan tarvittavalle kommunikointiprotokollalle ja pisteest\u00e4-pisteeseen yhteydelle. Lis\u00e4ksi moninaiset valvontaj\u00e4rjestelm\u00e4t sek\u00e4 automatisoidut hy\u00f6kk\u00e4yksen tunnistus- ja vastinej\u00e4rjestelm\u00e4t ovat k\u00e4yt\u00f6ss\u00e4 protokollatasolla. Testi- ja kehitysymp\u00e4rist\u00f6iss\u00e4 ei s\u00e4ilytet\u00e4 henkil\u00f6tietoja.<\/p>\n<p>Henkil\u00f6tietoja s\u00e4ilytet\u00e4\u00e4n aina salattuna ulkoverkon rajapinnasta erill\u00e4\u00e4n. Kerroksittain rakennetussa ymp\u00e4rist\u00f6ss\u00e4 tietoliikenneyhteydet j\u00e4rjestelmien ja konesalien v\u00e4lill\u00e4 ovat aina salattuja ja sis\u00e4verkkoon p\u00e4\u00e4sy vaatii henkil\u00f6kohtaisen kirjautumisen. Tietoturvaloukkausten varalta valvomme ja p\u00e4ivit\u00e4mme aktiivisesti j\u00e4rjestelmi\u00e4mme sek\u00e4 pid\u00e4mme tietoturvak\u00e4yt\u00e4nn\u00f6t ajan tasalla.<\/p>\n<p>Ty\u00f6ntekij\u00f6idemme ty\u00f6asemat, kannettavat tietokoneet, puhelimet ja muut elektroniset ty\u00f6v\u00e4lineet on suojattu laitteesta riippuen ajantasaisilla virustorjuntaohjelmistoilla, salauksella ja p\u00e4\u00e4synhallintaj\u00e4rjestelm\u00e4ll\u00e4. Ty\u00f6ntekij\u00f6ill\u00e4mme on mahdollisuus tehd\u00e4 et\u00e4t\u00f6it\u00e4 salatun yhteyden v\u00e4lityksell\u00e4.<\/p>\n<h3>Miten toimimme tietomurron tapahtuessa<\/h3>\n<p>Mahdollisen tietomurron tapahtuessa k\u00e4ytt\u00e4en k\u00e4yt\u00f6ss\u00e4mme olevia yhteystietoja tiedotamme niit\u00e4 henkil\u00f6it\u00e4, joiden henkil\u00f6tiedot ovat olleet mahdollisen tietomurron kohteena. Suljemme p\u00e4\u00e4syn mahdollisen tietomurron kohteena oleviin henkil\u00f6tietoihin ja k\u00e4ynnist\u00e4mme korjaavat toimenpiteet heti, kun saamme tiedon mahdollisesta tietomurrosta. Mahdollisen tietomurron kohteena olevat henkil\u00f6tiedot tulevat j\u00e4lleen k\u00e4ytt\u00f6\u00f6n vasta, kun olemme varmistaneet, ett\u00e4 kyseisen tietomurron mahdollistanut vika on korjattu.<\/p>\n<h3>Kolmannet osapuolet, joilta saamme henkil\u00f6tietoa<\/h3>\n<p>Emme saa henkil\u00f6tietoja kolmansilta osapuolilta.<\/p>\n<h3>Henkil\u00f6tietoon liittyv\u00e4 automaattinen p\u00e4\u00e4t\u00f6ksenteko ja profilointi<\/h3>\n<p>Emme tee henkil\u00f6tietoihin liittyv\u00e4\u00e4 automaattista p\u00e4\u00e4t\u00f6ksentekoa tai profilointia.<\/p>\n<h3>Toimialaan liittyv\u00e4 lains\u00e4\u00e4d\u00e4nt\u00f6<\/h3>\n<p>EU:n tietosuoja-asetus (GDPR) ja kansallinen lains\u00e4\u00e4d\u00e4nt\u00f6.<\/p>\n","protected":false},"excerpt":{"rendered":"<p>Keit\u00e4 olemme Virabeli Oy (Y-tunnus 2915815-1) on Suomeen rekister\u00f6ity osakeyhti\u00f6. Verkkosivustomme osoite on: http:\/\/virabeli.fi. Tietoturva-asioissa tietoturvavastaavana toimii Pasi Pikkarainen, virabeli (\u00e4t) virabeli.fi. Mit\u00e4 henkil\u00f6tietoa ker\u00e4\u00e4mme ja miksi Kommentit Kun sivuston k\u00e4ytt\u00e4j\u00e4t j\u00e4tt\u00e4v\u00e4t kommentteja sivustolle, ker\u00e4\u00e4mme kommenttilomakkeessa olevat tiedot, sek\u00e4 k\u00e4ytt\u00e4j\u00e4n IP-osoitteen ja selaimen versiotiedot roskaviestien tunnistamisen helpottamiseksi. Kun vierailijat j\u00e4tt\u00e4v\u00e4t kommentin t\u00e4lle sivustolle ker\u00e4\u00e4mme tiedon, [&hellip;]<\/p>\n","protected":false},"author":1,"featured_media":0,"parent":0,"menu_order":3,"comment_status":"closed","ping_status":"closed","template":"","meta":{"footnotes":""},"_links":{"self":[{"href":"https:\/\/virabeli.fi\/index.php?rest_route=\/wp\/v2\/pages\/4"}],"collection":[{"href":"https:\/\/virabeli.fi\/index.php?rest_route=\/wp\/v2\/pages"}],"about":[{"href":"https:\/\/virabeli.fi\/index.php?rest_route=\/wp\/v2\/types\/page"}],"author":[{"embeddable":true,"href":"https:\/\/virabeli.fi\/index.php?rest_route=\/wp\/v2\/users\/1"}],"replies":[{"embeddable":true,"href":"https:\/\/virabeli.fi\/index.php?rest_route=%2Fwp%2Fv2%2Fcomments&post=4"}],"version-history":[{"count":1,"href":"https:\/\/virabeli.fi\/index.php?rest_route=\/wp\/v2\/pages\/4\/revisions"}],"predecessor-version":[{"id":5,"href":"https:\/\/virabeli.fi\/index.php?rest_route=\/wp\/v2\/pages\/4\/revisions\/5"}],"wp:attachment":[{"href":"https:\/\/virabeli.fi\/index.php?rest_route=%2Fwp%2Fv2%2Fmedia&parent=4"}],"curies":[{"name":"wp","href":"https:\/\/api.w.org\/{rel}","templated":true}]}}