{"id":76,"date":"2018-05-24T20:07:43","date_gmt":"2018-05-24T17:07:43","guid":{"rendered":"http:\/\/virabeli.fi\/?page_id=76"},"modified":"2018-05-25T11:26:37","modified_gmt":"2018-05-25T08:26:37","slug":"palvelupaketit","status":"publish","type":"page","link":"https:\/\/virabeli.fi\/?page_id=76","title":{"rendered":"Palvelupaketit"},"content":{"rendered":"<div id=\"pl-76\"  class=\"panel-layout\" ><div id=\"pg-76-0\"  class=\"panel-grid panel-no-style\" ><div id=\"pgc-76-0-0\"  class=\"panel-grid-cell\" ><div id=\"panel-76-0-0-0\" class=\"so-panel widget widget_sow-hero panel-first-child panel-last-child\" data-index=\"0\" ><div class=\"panel-widget-style panel-widget-style-for-76-0-0-0\" ><div\n\t\t\t\n\t\t\tclass=\"so-widget-sow-hero so-widget-sow-hero-default-9eeaef0cc5d5-76 so-widget-fittext-wrapper\"\n\t\t\t\n\t\t>\t\t\t\t<div class=\"sow-slider-base\" style=\"display: none\" tabindex=\"0\">\n\t\t\t\t\t<ul\n\t\t\t\t\tclass=\"sow-slider-images\"\n\t\t\t\t\tdata-settings=\"{&quot;pagination&quot;:true,&quot;speed&quot;:800,&quot;timeout&quot;:8000,&quot;paused&quot;:false,&quot;pause_on_hover&quot;:false,&quot;swipe&quot;:true,&quot;nav_always_show_desktop&quot;:&quot;&quot;,&quot;nav_always_show_mobile&quot;:&quot;&quot;,&quot;breakpoint&quot;:&quot;780px&quot;,&quot;unmute&quot;:false,&quot;anchor&quot;:null}\"\n\t\t\t\t\t\t\t\t\t\tdata-anchor-id=\"\"\n\t\t\t\t>\t\t<li class=\"sow-slider-image  sow-slider-image-cover\" style=\"visibility: visible;;background-color: #333333\" >\n\t\t\t\t\t<div class=\"sow-slider-image-container\">\n\t\t\t<div class=\"sow-slider-image-wrapper\">\n\t\t\t\t<h1 style=\"text-align: center\">Valmiit palvelupaketit<\/h1>\n<p style=\"text-align: center\">Kuinka paljon aikaa ja rahaa minun pit\u00e4\u00e4 varata hankkeeseen?<\/p>\n<p style=\"text-align: center\">Lopeta arpominen ja valitse valmis palvelupaketti.<\/p>\n<p>&nbsp;<\/p>\n<p style=\"text-align: center\">Yrityksen suunnan kirkastaminen?<\/p>\n<p style=\"text-align: center\">Uuden tuotteen tai palvelun innovoiminen?<\/p>\n<p style=\"text-align: center\">Mobiilisovelluksen toteuttaminen?<\/p>\n<p style=\"text-align: center\">Palvelupakettimme kattaa kaiken tarvittavan kulloiseenkin tarpeeseen.<\/p>\n<p>&nbsp;<\/p>\n<p style=\"text-align: center\">Ratkaisu tarpeeseen ennakkoon tiedetyss\u00e4 ajassa oikeiden asiantuntijoiden ja oikeiden ty\u00f6kalujen avulla.<\/p>\n<div class=\"sow-hero-buttons\" style=\"text-align: center\"><div\n\t\t\t\n\t\t\tclass=\"so-widget-sow-button so-widget-sow-button-flat-07935596cf7f\"\n\t\t\t\n\t\t><div class=\"ow-button-base ow-button-align-center\">\n\t<a\n\thref=\"http:\/\/virabeli.fi#contact\"\n\t\tclass=\"ow-icon-placement-left ow-button-hover\" \t>\n\t\t<span>\n\t\t\t\n\t\t\tOTA YHTEYTT\u00c4\t\t<\/span>\n\t<\/a>\n<\/div>\n<\/div><\/div>\n\t\t\t<\/div>\n\t\t<\/div>\n\t\t<div class=\"sow-slider-image-overlay sow-slider-image-cover\" style=\"opacity: 0.6;background-image: url(https:\/\/virabeli.fi\/wp-content\/uploads\/2018\/05\/rawpixel-659498-unsplash.jpg)\"  ><\/div>\t\t<\/li>\n\t\t<\/ul>\t\t\t\t<ol class=\"sow-slider-pagination\">\n\t\t\t\t\t\t\t\t\t\t\t<li><a href=\"#\" data-goto=\"0\" aria-label=\"display slide 1\"><\/a><\/li>\n\t\t\t\t\t\t\t\t\t<\/ol>\n\n\t\t\t\t<div class=\"sow-slide-nav sow-slide-nav-next\">\n\t\t\t\t\t<a href=\"#\" data-goto=\"next\" aria-label=\"next slide\" data-action=\"next\">\n\t\t\t\t\t\t<em class=\"sow-sld-icon-thin-right\"><\/em>\n\t\t\t\t\t<\/a>\n\t\t\t\t<\/div>\n\n\t\t\t\t<div class=\"sow-slide-nav sow-slide-nav-prev\">\n\t\t\t\t\t<a href=\"#\" data-goto=\"previous\" aria-label=\"previous slide\" data-action=\"prev\">\n\t\t\t\t\t\t<em class=\"sow-sld-icon-thin-left\"><\/em>\n\t\t\t\t\t<\/a>\n\t\t\t\t<\/div>\n\t\t\t\t<\/div><\/div><\/div><\/div><\/div><\/div><\/div>","protected":false},"excerpt":{"rendered":"<p>Valmiit palvelupaketit Kuinka paljon aikaa ja rahaa minun pit\u00e4\u00e4 varata hankkeeseen? Lopeta arpominen ja valitse valmis palvelupaketti. &nbsp; Yrityksen suunnan kirkastaminen? Uuden tuotteen tai palvelun innovoiminen? Mobiilisovelluksen toteuttaminen? Palvelupakettimme kattaa kaiken tarvittavan kulloiseenkin tarpeeseen. &nbsp; Ratkaisu tarpeeseen ennakkoon tiedetyss\u00e4 ajassa oikeiden asiantuntijoiden ja oikeiden ty\u00f6kalujen avulla. OTA YHTEYTT\u00c4<\/p>\n","protected":false},"author":1,"featured_media":0,"parent":0,"menu_order":2,"comment_status":"closed","ping_status":"closed","template":"","meta":{"footnotes":""},"_links":{"self":[{"href":"https:\/\/virabeli.fi\/index.php?rest_route=\/wp\/v2\/pages\/76"}],"collection":[{"href":"https:\/\/virabeli.fi\/index.php?rest_route=\/wp\/v2\/pages"}],"about":[{"href":"https:\/\/virabeli.fi\/index.php?rest_route=\/wp\/v2\/types\/page"}],"author":[{"embeddable":true,"href":"https:\/\/virabeli.fi\/index.php?rest_route=\/wp\/v2\/users\/1"}],"replies":[{"embeddable":true,"href":"https:\/\/virabeli.fi\/index.php?rest_route=%2Fwp%2Fv2%2Fcomments&post=76"}],"version-history":[{"count":48,"href":"https:\/\/virabeli.fi\/index.php?rest_route=\/wp\/v2\/pages\/76\/revisions"}],"predecessor-version":[{"id":127,"href":"https:\/\/virabeli.fi\/index.php?rest_route=\/wp\/v2\/pages\/76\/revisions\/127"}],"wp:attachment":[{"href":"https:\/\/virabeli.fi\/index.php?rest_route=%2Fwp%2Fv2%2Fmedia&parent=76"}],"curies":[{"name":"wp","href":"https:\/\/api.w.org\/{rel}","templated":true}]}}